{"id":1517,"date":"2023-01-09T11:55:05","date_gmt":"2023-01-09T11:55:05","guid":{"rendered":"http:\/\/localhost\/landingpage\/en\/?page_id=1517"},"modified":"2023-02-01T13:10:31","modified_gmt":"2023-02-01T13:10:31","slug":"blog","status":"publish","type":"page","link":"https:\/\/etiselektrik.com.tr\/en\/blog\/","title":{"rendered":"Blog"},"content":{"rendered":"\t\t<div data-elementor-type=\"wp-page\" data-elementor-id=\"1517\" class=\"elementor elementor-1517\">\n\t\t\t\t\t\t<section class=\"elementor-section elementor-top-section elementor-element elementor-element-5574653 elementor-section-boxed elementor-section-height-default elementor-section-height-default\" data-id=\"5574653\" data-element_type=\"section\" data-settings=\"{&quot;background_background&quot;:&quot;classic&quot;}\">\n\t\t\t\t\t\t<div class=\"elementor-container elementor-column-gap-default\">\n\t\t\t\t\t<div class=\"elementor-column elementor-col-100 elementor-top-column elementor-element elementor-element-41e3b98\" data-id=\"41e3b98\" data-element_type=\"column\">\n\t\t\t<div class=\"elementor-widget-wrap elementor-element-populated\">\n\t\t\t\t\t\t<div class=\"elementor-element elementor-element-6cc3a0f elementor-widget elementor-widget-heading\" data-id=\"6cc3a0f\" data-element_type=\"widget\" data-widget_type=\"heading.default\">\n\t\t\t\t<div class=\"elementor-widget-container\">\n\t\t\t<style>\/*! elementor - v3.23.0 - 05-08-2024 *\/\n.elementor-heading-title{padding:0;margin:0;line-height:1}.elementor-widget-heading .elementor-heading-title[class*=elementor-size-]>a{color:inherit;font-size:inherit;line-height:inherit}.elementor-widget-heading .elementor-heading-title.elementor-size-small{font-size:15px}.elementor-widget-heading .elementor-heading-title.elementor-size-medium{font-size:19px}.elementor-widget-heading .elementor-heading-title.elementor-size-large{font-size:29px}.elementor-widget-heading .elementor-heading-title.elementor-size-xl{font-size:39px}.elementor-widget-heading .elementor-heading-title.elementor-size-xxl{font-size:59px}<\/style><h1 class=\"elementor-heading-title elementor-size-default\">BLOG<\/h1>\t\t<\/div>\n\t\t\t\t<\/div>\n\t\t\t\t\t<\/div>\n\t\t<\/div>\n\t\t\t\t\t<\/div>\n\t\t<\/section>\n\t\t\t\t<section class=\"elementor-section elementor-top-section elementor-element elementor-element-c3ec749 elementor-section-boxed elementor-section-height-default elementor-section-height-default\" data-id=\"c3ec749\" data-element_type=\"section\">\n\t\t\t\t\t\t<div class=\"elementor-container elementor-column-gap-default\">\n\t\t\t\t\t<div class=\"elementor-column elementor-col-100 elementor-top-column elementor-element elementor-element-73c93a4\" data-id=\"73c93a4\" data-element_type=\"column\">\n\t\t\t<div class=\"elementor-widget-wrap elementor-element-populated\">\n\t\t\t\t\t\t<div class=\"elementor-element elementor-element-6294511 elementor-widget elementor-widget-ucaddon_post_blocks\" data-id=\"6294511\" data-element_type=\"widget\" data-widget_type=\"ucaddon_post_blocks.default\">\n\t\t\t\t<div class=\"elementor-widget-container\">\n\t\t\t\n<!-- start Post Blocks -->\n\t\t<link id='font-awesome-css' href='https:\/\/etiselektrik.com.tr\/en\/wp-content\/plugins\/unlimited-elements-for-elementor\/assets_libraries\/font-awesome6\/fontawesome-all.min.css' type='text\/css' rel='stylesheet' >\n\t\t<link id='font-awesome-4-shim-css' href='https:\/\/etiselektrik.com.tr\/en\/wp-content\/plugins\/unlimited-elements-for-elementor\/assets_libraries\/font-awesome6\/fontawesome-v4-shims.min.css' type='text\/css' rel='stylesheet' >\n\n<style>\/* widget: Post Blocks *\/\n\n#uc_post_blocks_elementor_6294511 {\n    display:grid;\n}\n#uc_post_blocks_elementor_6294511 .ue_post_blocks_box\n{\n  overflow:hidden;\n}\n\n#uc_post_blocks_elementor_6294511 .ue_post_blocks_image\n{\n  overflow:hidden;\n}\n#uc_post_blocks_elementor_6294511 .ue_post_blocks_image img\n{\n  object-fit: cover;\n  object-position:center center;\n  width:100%;\n  display:block;\n}\n#uc_post_blocks_elementor_6294511 .ue_post_blocks_link a\n{\n  display:inline-block;\n  text-decoration:none;\n  text-align:center;\n}\n\n #uc_post_blocks_elementor_6294511 .ue_post_blocks_box img\n{\n  transition:0.5s;\n}\n #uc_post_blocks_elementor_6294511 .ue_post_blocks_box:hover img\n{\n  transform:scale(1.1,1.1);\n}\n\n\n\n\n#uc_post_blocks_elementor_6294511 .ue-grid-item-meta-data\n{\n  display:inlin-flex;\n  flex-wrap: wrap;\n}\n\n.ue-grid-item-meta-data\n{\n  font-size:12px;\n}\n\n#uc_post_blocks_elementor_6294511 .ue-grid-item-meta-data-icon\n{\n  line-height:1em;\n}\n\n#uc_post_blocks_elementor_6294511 .ue-grid-item-meta-data-icon svg\n{\n  width:1em;\n  height:1em;\n}\n\n\n.ue-grid-item-category a\n{\n  display:inline-block;\n  font-size:10px;\n  text-transform:uppercase;\n}\n\n<\/style>\n\n<div id=\"uc_post_blocks_elementor_6294511\" class=\"ue_post_blocks uc-items-wrapper\" >\n    \n<\/div>\n<!-- end Post Blocks -->\t\t<\/div>\n\t\t\t\t<\/div>\n\t\t\t\t\t<\/div>\n\t\t<\/div>\n\t\t\t\t\t<\/div>\n\t\t<\/section>\n\t\t\t\t<\/div>\n\t\t","protected":false},"excerpt":{"rendered":"<p>BLOG Topraklama Nedir? Topraklama Nas\u0131l \u00c7al\u0131\u015f\u0131r? Elektrikli cihazlar, elektri\u011fin ge\u00e7ti\u011fi canl\u0131 k\u0131s\u0131mlar ve bu canl\u0131 k\u0131s\u0131mlardan ayr\u0131lm\u0131\u015f yal\u0131tkan bir&#8230; Devam\u0131n\u0131 Oku SVC Kompanzasyon Nedir? SVC Kompanzasyon Avantajlar\u0131 Nelerdir? Geleneksel olarak yap\u0131lan kompanzasyon panolar\u0131nda reaktif g\u00fc\u00e7 kontrol r\u00f6lesi taraf\u0131ndan otomatik olarak&#8230; Devam\u0131n\u0131 Oku Reaktif Enerji Nedir? Kompanzasyon Nedir? Reaktif Ceza Nedir? Nas\u0131l \u00d6nlem Al\u0131n\u0131r? Reaktif enerji,&#8230;<\/p>\n","protected":false},"author":1,"featured_media":0,"parent":0,"menu_order":0,"comment_status":"closed","ping_status":"closed","template":"","meta":{"_kadence_starter_templates_imported_post":false,"_kad_post_transparent":"","_kad_post_title":"hide","_kad_post_layout":"fullwidth","_kad_post_sidebar_id":"","_kad_post_content_style":"unboxed","_kad_post_vertical_padding":"hide","_kad_post_feature":"hide","_kad_post_feature_position":"","_kad_post_header":false,"_kad_post_footer":false,"footnotes":""},"class_list":["post-1517","page","type-page","status-publish","hentry"],"yoast_head":"<!-- This site is optimized with the Yoast SEO plugin v23.3 - https:\/\/yoast.com\/wordpress\/plugins\/seo\/ -->\n<title>Etis Elektrik Blog Posts<\/title>\n<meta name=\"description\" content=\"Etis Elektrik Blog Posts\" \/>\n<meta name=\"robots\" content=\"index, follow, max-snippet:-1, max-image-preview:large, max-video-preview:-1\" \/>\n<link rel=\"canonical\" href=\"https:\/\/etiselektrik.com.tr\/en\/blog\/\" \/>\n<meta property=\"og:locale\" content=\"en_US\" \/>\n<meta property=\"og:type\" content=\"article\" \/>\n<meta property=\"og:title\" content=\"Etis Elektrik Blog Posts\" \/>\n<meta property=\"og:description\" content=\"Etis Elektrik Blog Posts\" \/>\n<meta property=\"og:url\" content=\"https:\/\/etiselektrik.com.tr\/en\/blog\/\" \/>\n<meta property=\"og:site_name\" content=\"Etis Elektrik English\" \/>\n<meta property=\"article:modified_time\" content=\"2023-02-01T13:10:31+00:00\" \/>\n<meta property=\"og:image\" content=\"https:\/\/etiselektrik.com.tr\/en\/wp-content\/uploads\/sites\/2\/2023\/01\/TopraklamaResim.jpg\" \/>\n<meta name=\"twitter:card\" content=\"summary_large_image\" \/>\n<meta name=\"twitter:label1\" content=\"Est. reading time\" \/>\n\t<meta name=\"twitter:data1\" content=\"3 minutes\" \/>\n<script type=\"application\/ld+json\" class=\"yoast-schema-graph\">{\"@context\":\"https:\/\/schema.org\",\"@graph\":[{\"@type\":\"WebPage\",\"@id\":\"https:\/\/etiselektrik.com.tr\/en\/blog\/\",\"url\":\"https:\/\/etiselektrik.com.tr\/en\/blog\/\",\"name\":\"Etis Elektrik Blog Posts\",\"isPartOf\":{\"@id\":\"https:\/\/etiselektrik.com.tr\/en\/#website\"},\"primaryImageOfPage\":{\"@id\":\"https:\/\/etiselektrik.com.tr\/en\/blog\/#primaryimage\"},\"image\":{\"@id\":\"https:\/\/etiselektrik.com.tr\/en\/blog\/#primaryimage\"},\"thumbnailUrl\":\"https:\/\/etiselektrik.com.tr\/en\/wp-content\/uploads\/sites\/2\/2023\/01\/TopraklamaResim.jpg\",\"datePublished\":\"2023-01-09T11:55:05+00:00\",\"dateModified\":\"2023-02-01T13:10:31+00:00\",\"description\":\"Etis Elektrik Blog Posts\",\"breadcrumb\":{\"@id\":\"https:\/\/etiselektrik.com.tr\/en\/blog\/#breadcrumb\"},\"inLanguage\":\"en-US\",\"potentialAction\":[{\"@type\":\"ReadAction\",\"target\":[\"https:\/\/etiselektrik.com.tr\/en\/blog\/\"]}]},{\"@type\":\"ImageObject\",\"inLanguage\":\"en-US\",\"@id\":\"https:\/\/etiselektrik.com.tr\/en\/blog\/#primaryimage\",\"url\":\"https:\/\/etiselektrik.com.tr\/en\/wp-content\/uploads\/sites\/2\/2023\/01\/TopraklamaResim.jpg\",\"contentUrl\":\"https:\/\/etiselektrik.com.tr\/en\/wp-content\/uploads\/sites\/2\/2023\/01\/TopraklamaResim.jpg\",\"width\":1127,\"height\":815,\"caption\":\"Earthing cable\"},{\"@type\":\"BreadcrumbList\",\"@id\":\"https:\/\/etiselektrik.com.tr\/en\/blog\/#breadcrumb\",\"itemListElement\":[{\"@type\":\"ListItem\",\"position\":1,\"name\":\"Home\",\"item\":\"https:\/\/etiselektrik.com.tr\/en\/\"},{\"@type\":\"ListItem\",\"position\":2,\"name\":\"Blog\"}]},{\"@type\":\"WebSite\",\"@id\":\"https:\/\/etiselektrik.com.tr\/en\/#website\",\"url\":\"https:\/\/etiselektrik.com.tr\/en\/\",\"name\":\"Etis Elektrik English\",\"description\":\"\",\"publisher\":{\"@id\":\"https:\/\/etiselektrik.com.tr\/en\/#organization\"},\"potentialAction\":[{\"@type\":\"SearchAction\",\"target\":{\"@type\":\"EntryPoint\",\"urlTemplate\":\"https:\/\/etiselektrik.com.tr\/en\/?s={search_term_string}\"},\"query-input\":\"required name=search_term_string\"}],\"inLanguage\":\"en-US\"},{\"@type\":\"Organization\",\"@id\":\"https:\/\/etiselektrik.com.tr\/en\/#organization\",\"name\":\"Etis Elektrik\",\"url\":\"https:\/\/etiselektrik.com.tr\/en\/\",\"logo\":{\"@type\":\"ImageObject\",\"inLanguage\":\"en-US\",\"@id\":\"https:\/\/etiselektrik.com.tr\/en\/#\/schema\/logo\/image\/\",\"url\":\"https:\/\/etiselektrik.com.tr\/en\/wp-content\/uploads\/sites\/2\/2022\/12\/logo.jpg\",\"contentUrl\":\"https:\/\/etiselektrik.com.tr\/en\/wp-content\/uploads\/sites\/2\/2022\/12\/logo.jpg\",\"width\":750,\"height\":346,\"caption\":\"Etis Elektrik\"},\"image\":{\"@id\":\"https:\/\/etiselektrik.com.tr\/en\/#\/schema\/logo\/image\/\"}}]}<\/script>\n<!-- \/ Yoast SEO plugin. -->","yoast_head_json":{"title":"Etis Elektrik Blog Posts","description":"Etis Elektrik Blog Posts","robots":{"index":"index","follow":"follow","max-snippet":"max-snippet:-1","max-image-preview":"max-image-preview:large","max-video-preview":"max-video-preview:-1"},"canonical":"https:\/\/etiselektrik.com.tr\/en\/blog\/","og_locale":"en_US","og_type":"article","og_title":"Etis Elektrik Blog Posts","og_description":"Etis Elektrik Blog Posts","og_url":"https:\/\/etiselektrik.com.tr\/en\/blog\/","og_site_name":"Etis Elektrik English","article_modified_time":"2023-02-01T13:10:31+00:00","og_image":[{"url":"https:\/\/etiselektrik.com.tr\/en\/wp-content\/uploads\/sites\/2\/2023\/01\/TopraklamaResim.jpg"}],"twitter_card":"summary_large_image","twitter_misc":{"Est. reading time":"3 minutes"},"schema":{"@context":"https:\/\/schema.org","@graph":[{"@type":"WebPage","@id":"https:\/\/etiselektrik.com.tr\/en\/blog\/","url":"https:\/\/etiselektrik.com.tr\/en\/blog\/","name":"Etis Elektrik Blog Posts","isPartOf":{"@id":"https:\/\/etiselektrik.com.tr\/en\/#website"},"primaryImageOfPage":{"@id":"https:\/\/etiselektrik.com.tr\/en\/blog\/#primaryimage"},"image":{"@id":"https:\/\/etiselektrik.com.tr\/en\/blog\/#primaryimage"},"thumbnailUrl":"https:\/\/etiselektrik.com.tr\/en\/wp-content\/uploads\/sites\/2\/2023\/01\/TopraklamaResim.jpg","datePublished":"2023-01-09T11:55:05+00:00","dateModified":"2023-02-01T13:10:31+00:00","description":"Etis Elektrik Blog Posts","breadcrumb":{"@id":"https:\/\/etiselektrik.com.tr\/en\/blog\/#breadcrumb"},"inLanguage":"en-US","potentialAction":[{"@type":"ReadAction","target":["https:\/\/etiselektrik.com.tr\/en\/blog\/"]}]},{"@type":"ImageObject","inLanguage":"en-US","@id":"https:\/\/etiselektrik.com.tr\/en\/blog\/#primaryimage","url":"https:\/\/etiselektrik.com.tr\/en\/wp-content\/uploads\/sites\/2\/2023\/01\/TopraklamaResim.jpg","contentUrl":"https:\/\/etiselektrik.com.tr\/en\/wp-content\/uploads\/sites\/2\/2023\/01\/TopraklamaResim.jpg","width":1127,"height":815,"caption":"Earthing cable"},{"@type":"BreadcrumbList","@id":"https:\/\/etiselektrik.com.tr\/en\/blog\/#breadcrumb","itemListElement":[{"@type":"ListItem","position":1,"name":"Home","item":"https:\/\/etiselektrik.com.tr\/en\/"},{"@type":"ListItem","position":2,"name":"Blog"}]},{"@type":"WebSite","@id":"https:\/\/etiselektrik.com.tr\/en\/#website","url":"https:\/\/etiselektrik.com.tr\/en\/","name":"Etis Elektrik English","description":"","publisher":{"@id":"https:\/\/etiselektrik.com.tr\/en\/#organization"},"potentialAction":[{"@type":"SearchAction","target":{"@type":"EntryPoint","urlTemplate":"https:\/\/etiselektrik.com.tr\/en\/?s={search_term_string}"},"query-input":"required name=search_term_string"}],"inLanguage":"en-US"},{"@type":"Organization","@id":"https:\/\/etiselektrik.com.tr\/en\/#organization","name":"Etis Elektrik","url":"https:\/\/etiselektrik.com.tr\/en\/","logo":{"@type":"ImageObject","inLanguage":"en-US","@id":"https:\/\/etiselektrik.com.tr\/en\/#\/schema\/logo\/image\/","url":"https:\/\/etiselektrik.com.tr\/en\/wp-content\/uploads\/sites\/2\/2022\/12\/logo.jpg","contentUrl":"https:\/\/etiselektrik.com.tr\/en\/wp-content\/uploads\/sites\/2\/2022\/12\/logo.jpg","width":750,"height":346,"caption":"Etis Elektrik"},"image":{"@id":"https:\/\/etiselektrik.com.tr\/en\/#\/schema\/logo\/image\/"}}]}},"_links":{"self":[{"href":"https:\/\/etiselektrik.com.tr\/en\/wp-json\/wp\/v2\/pages\/1517"}],"collection":[{"href":"https:\/\/etiselektrik.com.tr\/en\/wp-json\/wp\/v2\/pages"}],"about":[{"href":"https:\/\/etiselektrik.com.tr\/en\/wp-json\/wp\/v2\/types\/page"}],"author":[{"embeddable":true,"href":"https:\/\/etiselektrik.com.tr\/en\/wp-json\/wp\/v2\/users\/1"}],"replies":[{"embeddable":true,"href":"https:\/\/etiselektrik.com.tr\/en\/wp-json\/wp\/v2\/comments?post=1517"}],"version-history":[{"count":50,"href":"https:\/\/etiselektrik.com.tr\/en\/wp-json\/wp\/v2\/pages\/1517\/revisions"}],"predecessor-version":[{"id":1868,"href":"https:\/\/etiselektrik.com.tr\/en\/wp-json\/wp\/v2\/pages\/1517\/revisions\/1868"}],"wp:attachment":[{"href":"https:\/\/etiselektrik.com.tr\/en\/wp-json\/wp\/v2\/media?parent=1517"}],"curies":[{"name":"wp","href":"https:\/\/api.w.org\/{rel}","templated":true}]}}